{"id":360,"date":"2019-06-02T19:44:36","date_gmt":"2019-06-02T17:44:36","guid":{"rendered":"https:\/\/www.xundheitsakademie.at\/WP\/?page_id=360"},"modified":"2026-01-21T00:21:36","modified_gmt":"2026-01-20T23:21:36","slug":"agb","status":"publish","type":"page","link":"https:\/\/www.xundheitsakademie.at\/WP\/agb\/","title":{"rendered":"AGB"},"content":{"rendered":"<blockquote>\n<div>\n<h1><span style=\"font-size: large;\"><strong>ALLGEMEINE VEREINSBEDINGUNGEN<\/strong><\/span><\/h1>\n<\/div>\n<div>Diese Plattform dient dem Vereinszweck: \u201eDer Verein hat diese Plattform errichtet, um theoretisches und praktisches Wissen einander weiterzugeben.\u201c (Hilfe zur Selbsthilfe)<\/div>\n<div>\n<p class=\"mb-6\">Die Vereine vertreten die Interessen seiner Mitglieder &#8211; also Gleichgesinnter &#8211; und weisen darauf hin, dass alle Mitglieder f\u00fcr sich selbst verantwortlich sind (Eigenverantwortung). Alle Mitglieder sind ehrenamtlich t\u00e4tig und im Vordergrund steht ein Miteinander.<\/p>\n<p class=\"mb-6\">Die Gemeinn\u00fctzige T\u00e4tigkeit der Vereine ist nicht auf Gewinn ausgerichtet und hat unter anderem den Zweck, den Vereinsmitgliedern bzw. Teilnehmern an den Projekten neue Lebensfreude zu vermitteln.<\/p>\n<p class=\"mb-6\">Die Mitglieder sind verpflichtet, die Interessen des Vereins nach Kr\u00e4ften zu f\u00f6rdern und ALLES zu unterlassen, wodurch das Ansehen und der Zweck des Vereins Abbruch erleiden k\u00f6nnte. Sie haben die Vereinsstatuten und die Beschl\u00fcsse der Vereinsorgane zu beachten.<\/p>\n<p>Alle auf dieser Homepage angef\u00fchrten Seminare und Anwendungen werden von unserem Kooperationspartner &#8222;Akademie Grenzenlos&#8220; (ZVR: 1073571680) durchgef\u00fchrt.<\/p>\n<p class=\"mb-6\">Zur Schlichtung von allen aus dem Vereinsverh\u00e4ltnis entstehenden Streitigkeiten ist das vereinsinterne Schiedsgericht berufen. Es entscheidet nach bestem Wissen und Gewissen, seine Entscheidungen sind vereinsintern endg\u00fcltig.<\/p>\n<p class=\"mb-6\">Die Vereine behalten sich vor, Schadenersatz und\/oder Ersatz f\u00fcr Aufwendungen vom Vereinsmitglied zu verlangen, falls dieses bei Unstimmigkeiten eine andere Institution als das Schiedsgericht aufsucht.<\/p>\n<\/div>\n<\/blockquote>\n<blockquote>\n<div><\/div>\n<\/blockquote>\n<div>\n<p style=\"padding-left: 40px;\">\n<\/div>\n","protected":false},"excerpt":{"rendered":"<p>ALLGEMEINE VEREINSBEDINGUNGEN Diese Plattform dient dem Vereinszweck: \u201eDer Verein hat [&hellip;]<\/p>\n","protected":false},"author":1,"featured_media":0,"parent":0,"menu_order":0,"comment_status":"closed","ping_status":"closed","template":"","meta":[],"_links":{"self":[{"href":"https:\/\/www.xundheitsakademie.at\/WP\/wp-json\/wp\/v2\/pages\/360"}],"collection":[{"href":"https:\/\/www.xundheitsakademie.at\/WP\/wp-json\/wp\/v2\/pages"}],"about":[{"href":"https:\/\/www.xundheitsakademie.at\/WP\/wp-json\/wp\/v2\/types\/page"}],"author":[{"embeddable":true,"href":"https:\/\/www.xundheitsakademie.at\/WP\/wp-json\/wp\/v2\/users\/1"}],"replies":[{"embeddable":true,"href":"https:\/\/www.xundheitsakademie.at\/WP\/wp-json\/wp\/v2\/comments?post=360"}],"version-history":[{"count":12,"href":"https:\/\/www.xundheitsakademie.at\/WP\/wp-json\/wp\/v2\/pages\/360\/revisions"}],"predecessor-version":[{"id":20496,"href":"https:\/\/www.xundheitsakademie.at\/WP\/wp-json\/wp\/v2\/pages\/360\/revisions\/20496"}],"wp:attachment":[{"href":"https:\/\/www.xundheitsakademie.at\/WP\/wp-json\/wp\/v2\/media?parent=360"}],"curies":[{"name":"wp","href":"https:\/\/api.w.org\/{rel}","templated":true}]}}