{"id":18161,"date":"2022-04-05T18:16:16","date_gmt":"2022-04-05T16:16:16","guid":{"rendered":"https:\/\/www.xundheitsakademie.at\/WP\/?page_id=18161"},"modified":"2026-04-14T19:04:42","modified_gmt":"2026-04-14T17:04:42","slug":"dipl-energie-medizinischer-coach","status":"publish","type":"page","link":"https:\/\/www.xundheitsakademie.at\/WP\/dipl-energie-medizinischer-coach\/","title":{"rendered":"DIPL. ENERGIEMEDIZINISCHER COACH &#8211; KINESIOLOGIE"},"content":{"rendered":"<p><div class=\"fusion-fullwidth fullwidth-box nonhundred-percent-fullwidth non-hundred-percent-height-scrolling\"  style='background-color: rgba(255,250,211,0);background-position: center center;background-repeat: no-repeat;padding-top:0px;padding-right:0px;padding-bottom:0px;padding-left:0px;'><div class=\"fusion-builder-row fusion-row \"><div  class=\"fusion-layout-column fusion_builder_column fusion_builder_column_3_4 fusion-builder-column-1 fusion-three-fourth fusion-column-first 3_4\"  style='margin-top:0px;margin-bottom:20px;width:75%;width:calc(75% - ( ( 4% ) * 0.75 ) );margin-right: 4%;'>\n\t\t\t\t\t<div class=\"fusion-column-wrapper\" style=\"padding: 0px 0px 0px 0px;background-position:left top;background-repeat:no-repeat;-webkit-background-size:cover;-moz-background-size:cover;-o-background-size:cover;background-size:cover;\"   data-bg-url=\"\">\n\t\t\t\t\t\t<div class=\"fusion-title title fusion-title-1 fusion-title-center fusion-title-size-one\" style=\"margin-top:15px;margin-bottom:31px;\"><div class=\"title-sep-container title-sep-container-left\"><div class=\"title-sep sep-double sep-solid\" style=\"border-color:#e0dede;\"><\/div><\/div><h1 class=\"title-heading-center\" style=\"margin:0;\"><p><span style=\"color: #902993;\"><strong>DIPL. ENERGIE-MEDIZI<span style=\"color: #902993;\">NI<\/span>SCHER\u00a0 COACH<\/strong><\/span><\/p>\n<p><span style=\"color: #902993;\"><strong>K I N E S I O L O G I E<\/strong><\/span><\/p>\n<p><span style=\"color: #ffffff;\">:<\/span><\/p><\/h1><div class=\"title-sep-container title-sep-container-right\"><div class=\"title-sep sep-double sep-solid\" style=\"border-color:#e0dede;\"><\/div><\/div><\/div><div class=\"fusion-button-wrapper fusion-aligncenter\"><style type=\"text\/css\" scoped=\"scoped\">.fusion-button.button-1 .fusion-button-text, .fusion-button.button-1 i {color:#ffffff;}.fusion-button.button-1 {border-width:0px;border-color:#ffffff;}.fusion-button.button-1 .fusion-button-icon-divider{border-color:#ffffff;}.fusion-button.button-1:hover .fusion-button-text, .fusion-button.button-1:hover i,.fusion-button.button-1:focus .fusion-button-text, .fusion-button.button-1:focus i,.fusion-button.button-1:active .fusion-button-text, .fusion-button.button-1:active{color:#ffffff;}.fusion-button.button-1:hover, .fusion-button.button-1:focus, .fusion-button.button-1:active{border-width:0px;border-color:#ffffff;}.fusion-button.button-1:hover .fusion-button-icon-divider, .fusion-button.button-1:hover .fusion-button-icon-divider, .fusion-button.button-1:active .fusion-button-icon-divider{border-color:#ffffff;}.fusion-button.button-1{width:auto;}<\/style><a class=\"fusion-button button-flat fusion-button-round button-large button-default button-1 fusion-no-medium-visibility fusion-no-large-visibility fusion-animated\" data-animationType=\"flash\" data-animationDuration=\"0.3\" data-animationOffset=\"100%\" target=\"_self\" href=\"https:\/\/www.xundheitsakademie.at\/WP\/events\/\"><span class=\"fusion-button-text\">&gt;&gt; SEMINARKALENDER &lt;&lt;<\/span><\/a><\/div><div class=\"fusion-text\"><div style=\"text-align: center;\">\n<p><span style=\"color: #ffffff;\">.<\/span><\/p>\n<p style=\"text-align: center;\"><span style=\"color: #000000;\"><strong>Xundheitsakademie \u00d6sterreich &#8211; DEIN Spezialist f\u00fcr Intensiv-Ausbildungen<\/strong><\/span><\/p>\n<p><span style=\"color: #000000;\">Wir bringen es auf den Punkt!<\/span><\/p>\n<p style=\"text-align: center;\"><span style=\"color: #000000;\"><strong>Deine Vorteile<\/strong><\/span><\/p>\n<p><span style=\"color: #000000;\">Kurze Ausbildungsdauer<\/span><br \/>\n<span style=\"color: #000000;\">H\u00f6chster Wissensstand<\/span><br \/>\n<span style=\"color: #000000;\">Geringe Investitionskosten<\/span><\/p>\n<\/div>\n<div><span style=\"color: #ffffff;\">.<\/span><\/div>\n<\/div><style type='text\/css'>\n\t\t\t\t.pricing-table-1 .panel-container, .pricing-table-1 .standout .panel-container,\n\t\t\t\t.pricing-table-1.full-boxed-pricing {background-color:#f8f8f8;}\n\t\t\t\t.pricing-table-1 .list-group .list-group-item,\n\t\t\t\t.pricing-table-1 .list-group .list-group-item:last-child{background-color:#ffffff; border-color:#ededed;}\n\t\t\t\t.pricing-table-1.full-boxed-pricing .panel-wrapper:hover .panel-heading,\n\t\t\t\t.pricing-table-1 .panel-wrapper:hover .list-group-item {background-color:#f8f8f8;}\n\t\t\t\t.pricing-table-1.full-boxed-pricing .panel-heading{background-color:#ffffff;}\n\t\t\t\t.pricing-table-1 .fusion-panel, .pricing-table-1 .panel-wrapper:last-child .fusion-panel,\n\t\t\t\t.pricing-table-1 .standout .fusion-panel, .pricing-table-1  .panel-heading,\n\t\t\t\t.pricing-table-1 .panel-body, .pricing-table-1 .panel-footer{border-color:#ededed;}\n\t\t\t\t.pricing-table-1 .panel-body,.pricing-table-1 .panel-footer{background-color:#f8f8f8;}\n\t\t\t\t.pricing-table-1.sep-boxed-pricing .panel-heading h3{color:#333333;}\n\t\t\t\t.pricing-table-1.full-boxed-pricing.fusion-pricing-table .panel-heading h3{color:#333333;}\n\t\t\t\t.pricing-table-1.fusion-pricing-table .panel-body .price .decimal-part{color:#902993;}\n\t\t\t\t.pricing-table-1.fusion-pricing-table .panel-body .price .integer-part{color:#902993;}\n\t\t\t\t.pricing-table-1 ul.list-group li{color:#747474;}\n\t\t\t\t<\/style><div class=\"fusion-pricing-table pricing-table-1 full-boxed-pricing row fusion-columns-1 columns-1 fusion-clearfix\"><div class=\"panel-wrapper fusion-column column col-lg-12 col-md-12 col-sm-12 fusion-pricingtable-column\"><div class=\"panel-container\"><div class=\"fusion-panel\"><div class=\"panel-heading\"><h3 class=\"title-row\"><\/h3><\/div><div class=\"panel-body pricing-row\"><div class=\"price \"><span class=\"currency\">\u20ac<\/span><span class=\"integer-part\">597,00 - pro Block (2-t\u00e4gig)<\/span><\/div><\/div><\/ul><\/div><\/div><\/div><\/div><div class=\"fusion-title title fusion-title-2 fusion-sep-none fusion-title-center fusion-title-size-two\" style=\"margin-top:0px;margin-bottom:31px;\"><h2 class=\"title-heading-center\" style=\"margin:0;\"><span style=\"color: #ffffff;\">.<\/span><\/h2><\/div><ul class=\"fusion-checklist fusion-checklist-1\" style=\"font-size:14px;line-height:23.8px;\"><li class=\"fusion-li-item\"><span style=\"background-color:#c149a9;font-size:12.32px;height:23.8px;width:23.8px;margin-right:9.8px;\" class=\"icon-wrapper circle-yes\"><i class=\"fusion-li-icon  fa fa-check\" style=\"color:#ffffff;\"><\/i><\/span><div class=\"fusion-li-item-content\" style=\"margin-left:33.6px;\">\n<h4><span style=\"color: #ff0000;\"><strong>A M S &#8211; F\u00d6RDERUNG<\/strong><\/span><\/h4>\n<hr \/>\n<p><span style=\"color: #ff0000;\"><strong>die meisten unserer Kurse werden zum Zwecke der Aus- und Weiterbildung bzw. Unternehmensgr\u00fcndung vom AMS gef\u00f6rdert!\u00a0<\/strong><\/span><\/p>\n<p><span style=\"color: #ffffff;\">.<\/span><\/p>\n<\/div><\/li><li class=\"fusion-li-item\"><span style=\"background-color:#c149a9;font-size:12.32px;height:23.8px;width:23.8px;margin-right:9.8px;\" class=\"icon-wrapper circle-yes\"><i class=\"fusion-li-icon fa-check fas\" style=\"color:#ffffff;\"><\/i><\/span><div class=\"fusion-li-item-content\" style=\"margin-left:33.6px;\">\n<p><span style=\"color: #000000;\"><strong>Seminar Dauer &amp; Zeiten<\/strong><\/span><\/p>\n<hr \/>\n<p><strong>tgl. 09.00 &#8211; 17.00 Uhr<\/strong><\/p>\n<p><span style=\"color: #ffffff;\">.<\/span><\/p>\n<\/div><\/li><li class=\"fusion-li-item\"><span style=\"background-color:#c149a9;font-size:12.32px;height:23.8px;width:23.8px;margin-right:9.8px;\" class=\"icon-wrapper circle-yes\"><i class=\"fusion-li-icon  fa fa-check\" style=\"color:#ffffff;\"><\/i><\/span><div class=\"fusion-li-item-content\" style=\"margin-left:33.6px;\">\n<div>\n<p><span style=\"color: #000000;\"><strong>Seminarinhalte<\/strong><\/span><\/p>\n<\/div>\n<div>\n<div>\n<p><strong><span style=\"color: #902393;\">BLOCK I<\/span><\/strong><\/p>\n<p><span style=\"color: #902393;\"><strong>KINESIOLOGIE 1 <\/strong>&#8211; Energiek\u00f6perheilung<\/span><\/p>\n<ul>\n<li>Lerne die Energiesprache des K\u00f6rpers kennen<\/li>\n<li>Was ist Energie-Medizin?<\/li>\n<li>Wie funktioniert Energie-Medizin?<\/li>\n<li>Was bewirkt Energie-Medizin?<\/li>\n<li>Der Energietest<\/li>\n<li>Die Energieortung und die Informationen \u00fcber den K\u00f6rper<\/li>\n<li>Den Energiek\u00f6rperentgiftung<\/li>\n<li>Blockadenl\u00f6sung durch Energieumkehr &#8211; positiver Energiefluss bewirkt optimale Gesundheit<\/li>\n<li>Umkehr von homolateralen Mustern<\/li>\n<li>Den Energiek\u00f6rper heilen<\/li>\n<li>Die neurovaskul\u00e4ren Punkte<\/li>\n<li>Ausrichtung auf das Magnetfeld der Erde<\/li>\n<li>Energie-Medizin \u2013 Energie-Tools wie z.B. Lymphatische Massage u.v.m.<\/li>\n<\/ul>\n<\/div>\n<p><span style=\"color: #ffffff;\">.<\/span><\/p>\n<p><span style=\"color: #902393;\"><strong>KINESIOLOGIE 2 <\/strong>&#8211; Meridiane<\/span><\/p>\n<ul>\n<li>Die Meridian-Uhr<\/li>\n<li>Die Aufgaben der Meridiane<\/li>\n<li>Wie das Meridiansystem arbeitet<\/li>\n<li>Zusammenspiel und Reinigung der Meridiane<\/li>\n<li>Einfachste \u00dcbungen f\u00fcr den optimalen Energiefluss<\/li>\n<li>Spezielle Funktion des Dreifach-Erw\u00e4rmers<\/li>\n<li>Ausgleichen des Dreifach-Erw\u00e4rmers<\/li>\n<li>Volle Energie durch ausgleichen und aufladen der Meridiane<\/li>\n<li>Neurolymphatische Reflexpunkte &#8211; bewusste Steuerung des Lymphflusses<\/li>\n<li>Umkehr des Milzmeridians durch Klopfen der neurolymphatischen Reflexpunkte<\/li>\n<li>Die Dreifach-Erw\u00e4rmer und Milzmeridian Umarmung<\/li>\n<li>\u00d6ffnung der Energieventile des K\u00f6rpers<\/li>\n<li>Teste Lebensmittel, Nahrungserg\u00e4nzungsmittel und pers\u00f6nliche Gegenst\u00e4nde<\/li>\n<li>Energie Medizin \u2013 \u00dcbungen in Theorie und Praxis<\/li>\n<\/ul>\n<p><span style=\"color: #ffffff;\">.<\/span><\/p>\n<p><strong><span style=\"color: #902393;\">BLOCK II<\/span><\/strong><\/p>\n<p><span style=\"color: #902393;\"><strong>KINESIOLOGIE 3 <\/strong>&#8211; Schmerzen<\/span><\/p>\n<ul>\n<li>Wie entstehen Schmerzen und was wollen sie dir sagen?<\/li>\n<li>Schmerzlinderung durch Energie-Medizin<\/li>\n<li>Erste-Hilfe-Techniken der Energie-Medizin<\/li>\n<li>Schmerzaufl\u00f6sung durch geistige Energiebewegung<\/li>\n<li>Verschiedene Tools zur Schmerzbefreiung<\/li>\n<li>Wie funktionieren die Schichten der Chakren<\/li>\n<li>Der Chakren-Test<\/li>\n<li>Die Dehnung deiner elektrischen Punkte<\/li>\n<li>Reinigen von Schadstoffen und Entfernen von Blockaden<\/li>\n<li>Verbindung zum Erdmagnetfeld<\/li>\n<li>Schmerzausleitung<\/li>\n<li>Zonenklopfen<\/li>\n<li>Isometrische \u00dcbungen bei Kopfschmerzen<\/li>\n<li>Energie Medizin \u2013 \u00dcbungen in Theorie und Praxis<\/li>\n<\/ul>\n<p><span style=\"color: #ffffff;\">.<\/span><\/p>\n<p><span style=\"color: #902393;\"><strong>KINESIOLOGIE 4 <\/strong>&#8211; Strahlende Str\u00f6me<\/span><\/p>\n<ul>\n<li>Die Aura als Blaupause, Raumanzug und Antenne<\/li>\n<li>Teste deine Aura<\/li>\n<li>Erkennen und Wiederherstellen einer zusammengefallenen oder distanzierten Aura<\/li>\n<li>Ausdehnung der Aura<\/li>\n<li>Das keltische Netz \u2013 das energetische Bindegewebe<\/li>\n<li>Nutze die Magnete in deiner Aura<\/li>\n<li>Die Beziehung der Aura zum Zentralmeridian<\/li>\n<li>Energiek\u00f6rperheilung<\/li>\n<li>Die Magie der strahlenden Str\u00f6me<\/li>\n<li>Durch die strahlenden Str\u00f6me mehr Energie, Gesundheit, Vitalit\u00e4t, Lebensfreude und die Verbindung zur Quelle erlangen<\/li>\n<li>Energie Medizin \u2013 \u00dcbungen in Theorie und Praxis<\/li>\n<\/ul>\n<p><span style=\"color: #ffffff;\">.<\/span><\/p>\n<div><\/div>\n<\/div>\n<\/div><\/li><li class=\"fusion-li-item\"><span style=\"background-color:#c149a9;font-size:12.32px;height:23.8px;width:23.8px;margin-right:9.8px;\" class=\"icon-wrapper circle-yes\"><i class=\"fusion-li-icon  fa fa-check\" style=\"color:#ffffff;\"><\/i><\/span><div class=\"fusion-li-item-content\" style=\"margin-left:33.6px;\">\n<p><span style=\"color: #000000;\"><strong>Ziele<\/strong><\/span><\/p>\n<hr \/>\n<div>\n<ul>\n<li><span style=\"color: #000000;\">Einfache energetische Interventionen zur Aufl\u00f6sung von Blockaden jeder Art<\/span><\/li>\n<li><span style=\"color: #000000;\">Kinesiologische Anwendungen im Bereich von Meridianen, Aura und Chakren<\/span><\/li>\n<\/ul>\n<p><span style=\"color: #ffffff;\">.<\/span><\/p>\n<div><span style=\"color: #ffffff;\">.<\/span><\/div>\n<\/div>\n<\/div><\/li><li class=\"fusion-li-item\"><span style=\"background-color:#c149a9;font-size:12.32px;height:23.8px;width:23.8px;margin-right:9.8px;\" class=\"icon-wrapper circle-yes\"><i class=\"fusion-li-icon  fa fa-check\" style=\"color:#ffffff;\"><\/i><\/span><div class=\"fusion-li-item-content\" style=\"margin-left:33.6px;\">\n<p><span style=\"color: #000000;\"><strong>Zertifizierungen<\/strong><\/span><\/p>\n<hr \/>\n<div>\n<ul>\n<li>Teilnahmebest\u00e4tigung zu Block I + II<\/li>\n<li>Diplom &#8222;Dipl. Energiemedizinischer Coach&#8220; (bei Absolvierung von Block I + II)<\/li>\n<li>Diplom &#8222;Dipl. Kinesiologin&#8220;\u00a0 bzw. &#8222;Dipl. Kinesiologe&#8220; (bei Absolvierung der Voraussetzungen lt. Kinesiologie-Lehrgang)<\/li>\n<\/ul>\n<p><span style=\"color: #ffffff;\">.<\/span><\/p>\n<div><span style=\"color: #ffffff;\">.<\/span><\/div>\n<\/div>\n<\/div><\/li><li class=\"fusion-li-item\"><span style=\"background-color:#c149a9;font-size:12.32px;height:23.8px;width:23.8px;margin-right:9.8px;\" class=\"icon-wrapper circle-yes\"><i class=\"fusion-li-icon  fa fa-check\" style=\"color:#ffffff;\"><\/i><\/span><div class=\"fusion-li-item-content\" style=\"margin-left:33.6px;\">\n<p><span style=\"color: #000000;\"><strong>Deine Boni<\/strong><\/span><\/p>\n<hr \/>\n<div>\n<div>\n<ul>\n<li><span class=\"fs11lh1-5\" style=\"color: #000000;\">Effiziente Schulung durch ein psychologisch ausgebildetes Trainerteam mit langj\u00e4hriger Erfahrung<\/span><\/li>\n<li><span class=\"fs11lh1-5\" style=\"color: #000000;\">Umfangreiches Skriptum<\/span><\/li>\n<\/ul>\n<\/div>\n<div><b class=\"fs10lh1-5\">\u00a0<\/b><\/div>\n<div><\/div>\n<\/div>\n<\/div><\/li><\/ul><div class=\"fusion-clearfix\"><\/div>\n\n\t\t\t\t\t<\/div>\n\t\t\t\t<\/div><div  class=\"fusion-layout-column fusion_builder_column fusion_builder_column_1_4 fusion-builder-column-2 fusion-one-fourth fusion-column-last fusion-blend-mode 1_4\"  style='margin-top:0px;margin-bottom:20px;width:25%;width:calc(25% - ( ( 4% ) * 0.25 ) );'>\n\t\t\t\t\t<div class=\"fusion-column-wrapper\" style=\"background-color:#f8f8f8;border:1px dotted #cccccc;overflow:hidden;border-radius:5px 5px 5px 5px;padding: 8px 8px 8px 8px;background-position:left top;background-repeat:no-repeat;-webkit-background-size:cover;-moz-background-size:cover;-o-background-size:cover;background-size:cover;border-radius:5px 5px 5px 5px;\"   data-bg-url=\"\">\n\t\t\t\t\t\t<div class=\"fusion-column-content-centered\"><div class=\"fusion-column-content\"><div class=\"fusion-title title fusion-title-3 fusion-sep-none fusion-title-center fusion-title-size-two\" style=\"margin-top:0px;margin-bottom:31px;\"><h2 class=\"title-heading-center\" style=\"margin:0;\"><span style=\"color: #ffffff;\">.<\/span><\/h2><\/div><div class=\"fusion-button-wrapper fusion-aligncenter\"><style type=\"text\/css\" scoped=\"scoped\">.fusion-button.button-2 .fusion-button-text, .fusion-button.button-2 i {color:#ffffff;}.fusion-button.button-2 {border-width:0px;border-color:#ffffff;}.fusion-button.button-2 .fusion-button-icon-divider{border-color:#ffffff;}.fusion-button.button-2:hover .fusion-button-text, .fusion-button.button-2:hover i,.fusion-button.button-2:focus .fusion-button-text, .fusion-button.button-2:focus i,.fusion-button.button-2:active .fusion-button-text, .fusion-button.button-2:active{color:#ffffff;}.fusion-button.button-2:hover, .fusion-button.button-2:focus, .fusion-button.button-2:active{border-width:0px;border-color:#ffffff;}.fusion-button.button-2:hover .fusion-button-icon-divider, .fusion-button.button-2:hover .fusion-button-icon-divider, .fusion-button.button-2:active .fusion-button-icon-divider{border-color:#ffffff;}.fusion-button.button-2{width:auto;}<\/style><a class=\"fusion-button button-flat fusion-button-round button-large button-default button-2 fusion-animated\" data-animationType=\"flash\" data-animationDuration=\"0.3\" data-animationOffset=\"100%\" target=\"_self\" href=\"https:\/\/www.xundheitsakademie.at\/WP\/events\/\"><span class=\"fusion-button-text\">&gt;&gt; SEMINARKALENDER &lt;&lt;<\/span><\/a><\/div><div class=\"fusion-title title fusion-title-4 fusion-sep-none fusion-title-center fusion-title-size-two\" style=\"margin-top:0px;margin-bottom:31px;\"><h2 class=\"title-heading-center\" style=\"margin:0;\"><span style=\"color: #ffffff;\">.<\/span><\/h2><\/div><div class=\"fusion-title title fusion-title-5 fusion-title-center fusion-title-size-two\" style=\"margin-top:0px;margin-bottom:31px;\"><div class=\"title-sep-container title-sep-container-left\"><div class=\"title-sep sep-double sep-solid\" style=\"border-color:#e0dede;\"><\/div><\/div><h2 class=\"title-heading-center\" style=\"margin:0;\"><hr \/>\n<p><strong><span style=\"color: #000000;\">SEMINARTERMINE<\/span><\/strong><\/p>\n<hr \/><\/h2><div class=\"title-sep-container title-sep-container-right\"><div class=\"title-sep sep-double sep-solid\" style=\"border-color:#e0dede;\"><\/div><\/div><\/div><div class=\"fusion-title title fusion-title-6 fusion-sep-none fusion-title-center fusion-title-size-two\" style=\"margin-top:0px;margin-bottom:31px;\"><h2 class=\"title-heading-center\" style=\"margin:0;\"><span style=\"color: #ffffff;\">.<\/span><\/h2><\/div><div class=\"fusion-button-wrapper fusion-aligncenter\"><style type=\"text\/css\" scoped=\"scoped\">.fusion-button.button-3 .fusion-button-text, .fusion-button.button-3 i {color:#ffffff;}.fusion-button.button-3 {border-width:0px;border-color:#ffffff;}.fusion-button.button-3 .fusion-button-icon-divider{border-color:#ffffff;}.fusion-button.button-3:hover .fusion-button-text, .fusion-button.button-3:hover i,.fusion-button.button-3:focus .fusion-button-text, .fusion-button.button-3:focus i,.fusion-button.button-3:active .fusion-button-text, .fusion-button.button-3:active{color:#ffffff;}.fusion-button.button-3:hover, .fusion-button.button-3:focus, .fusion-button.button-3:active{border-width:0px;border-color:#ffffff;}.fusion-button.button-3:hover .fusion-button-icon-divider, .fusion-button.button-3:hover .fusion-button-icon-divider, .fusion-button.button-3:active .fusion-button-icon-divider{border-color:#ffffff;}.fusion-button.button-3{width:auto;}<\/style><a class=\"fusion-button button-flat fusion-button-round button-large button-default button-3 fusion-animated\" data-animationType=\"flash\" data-animationDuration=\"0.3\" data-animationOffset=\"100%\" target=\"_self\" href=\"https:\/\/www.xundheitsakademie.at\/WP\/produkt\/energiemedizinischer-coach-zoom-online-kurs-emed-1-onl-09-02\/\"><span class=\"fusion-button-text\">ANMELDUNG<\/span><\/a><\/div><div class=\"fusion-title title fusion-title-7 fusion-sep-none fusion-title-center fusion-title-size-two\" style=\"margin-top:0px;margin-bottom:31px;\"><h2 class=\"title-heading-center\" style=\"margin:0;\"><span style=\"color: #ffffff;\">.<\/span><\/h2><\/div><div class=\"fusion-title title fusion-title-8 fusion-sep-none fusion-title-center fusion-title-size-two\" style=\"margin-top:0px;margin-bottom:31px;\"><h2 class=\"title-heading-center\" style=\"margin:0;\"><span style=\"color: #ffffff;\">.<\/span><\/h2><\/div><div class=\"fusion-title title fusion-title-9 fusion-title-center fusion-title-size-two\" style=\"margin-top:0px;margin-bottom:31px;\"><div class=\"title-sep-container title-sep-container-left\"><div class=\"title-sep sep-double sep-solid\" style=\"border-color:#e0dede;\"><\/div><\/div><h2 class=\"title-heading-center\" style=\"margin:0;\"><hr \/>\n<p><span style=\"color: #902993;\"><strong>Seminarorte<\/strong><\/span><\/p>\n<hr \/><\/h2><div class=\"title-sep-container title-sep-container-right\"><div class=\"title-sep sep-double sep-solid\" style=\"border-color:#e0dede;\"><\/div><\/div><\/div><div class=\"fusion-title title fusion-title-10 fusion-sep-none fusion-title-center fusion-title-size-two\" style=\"margin-top:0px;margin-bottom:31px;\"><h2 class=\"title-heading-center\" style=\"margin:0;\"><span style=\"color: #ffffff;\">.<\/span><\/h2><\/div><div class=\"fusion-content-boxes content-boxes columns row fusion-columns-1 fusion-columns-total-1 fusion-content-boxes-1 content-boxes-icon-with-title content-left\" data-animationOffset=\"100%\" style=\"margin-top:0px;margin-bottom:60px;\"><style type=\"text\/css\" scoped=\"scoped\">.fusion-content-boxes-1 .heading .content-box-heading {color:#333333;}\n\t\t\t\t\t.fusion-content-boxes-1 .fusion-content-box-hover .link-area-link-icon-hover .heading .content-box-heading,\n\t\t\t\t\t.fusion-content-boxes-1 .fusion-content-box-hover .link-area-link-icon-hover .heading .heading-link .content-box-heading,\n\t\t\t\t\t.fusion-content-boxes-1 .fusion-content-box-hover .link-area-box-hover .heading .content-box-heading,\n\t\t\t\t\t.fusion-content-boxes-1 .fusion-content-box-hover .link-area-box-hover .heading .heading-link .content-box-heading,\n\t\t\t\t\t.fusion-content-boxes-1 .fusion-content-box-hover .link-area-link-icon-hover.link-area-box .fusion-read-more,\n\t\t\t\t\t.fusion-content-boxes-1 .fusion-content-box-hover .link-area-link-icon-hover.link-area-box .fusion-read-more::after,\n\t\t\t\t\t.fusion-content-boxes-1 .fusion-content-box-hover .link-area-link-icon-hover.link-area-box .fusion-read-more::before,\n\t\t\t\t\t.fusion-content-boxes-1 .fusion-content-box-hover .fusion-read-more:hover:after,\n\t\t\t\t\t.fusion-content-boxes-1 .fusion-content-box-hover .fusion-read-more:hover:before,\n\t\t\t\t\t.fusion-content-boxes-1 .fusion-content-box-hover .fusion-read-more:hover,\n\t\t\t\t\t.fusion-content-boxes-1 .fusion-content-box-hover .link-area-box-hover.link-area-box .fusion-read-more,\n\t\t\t\t\t.fusion-content-boxes-1 .fusion-content-box-hover .link-area-box-hover.link-area-box .fusion-read-more::after,\n\t\t\t\t\t.fusion-content-boxes-1 .fusion-content-box-hover .link-area-box-hover.link-area-box .fusion-read-more::before,\n\t\t\t\t\t.fusion-content-boxes-1 .fusion-content-box-hover .link-area-link-icon-hover .icon .circle-no,\n\t\t\t\t\t.fusion-content-boxes-1 .heading .heading-link:hover .content-box-heading {\n\t\t\t\t\t\tcolor: #a06b9b;\n\t\t\t\t\t}\n\t\t\t\t\t.fusion-content-boxes-1 .fusion-content-box-hover .link-area-box-hover .icon .circle-no {\n\t\t\t\t\t\tcolor: #a06b9b !important;\n\t\t\t\t\t}.fusion-content-boxes-1 .fusion-content-box-hover .link-area-box.link-area-box-hover .fusion-content-box-button {background: #a06b9b;color: #ffffff;}.fusion-content-boxes-1 .fusion-content-box-hover .link-area-box.link-area-box-hover .fusion-content-box-button .fusion-button-text {color: #ffffff;}\n\t\t\t\t\t.fusion-content-boxes-1 .fusion-content-box-hover .link-area-link-icon-hover .heading .icon > span {\n\t\t\t\t\t\tbackground-color: #a06b9b !important;\n\t\t\t\t\t}\n\t\t\t\t\t.fusion-content-boxes-1 .fusion-content-box-hover .link-area-box-hover .heading .icon > span {\n\t\t\t\t\t\tborder-color: #a06b9b !important;\n\t\t\t\t\t}<\/style><div class=\"fusion-column content-box-column content-box-column content-box-column-1 col-lg-12 col-md-12 col-sm-12 fusion-content-box-hover  content-box-column-last\"><div class=\"col content-box-wrapper content-wrapper link-area-link-icon icon-hover-animation-fade\" style=\"background-color:rgba(226,226,226,0);\" data-animationOffset=\"100%\"><div class=\"heading icon-left\"><h2 class=\"content-box-heading\" style=\"font-size:20px;line-height:25px;\">Neumarkt \/ Stmk.<\/h2><\/div><div class=\"fusion-clearfix\"><\/div><div class=\"content-container\" style=\"color:#000000;\">\n<p>Xundheitsakademie Neumarkt<\/p>\n<div><span class=\"ff1\" style=\"color: #999999;\">Hauptplatz 31<\/span><\/div>\n<div><span class=\"ff1\" style=\"color: #999999;\">8820 Neumarkt<\/span><\/div>\n<\/div><\/div><\/div><style type=\"text\/css\" scoped=\"scoped\">\n\t\t\t\t\t\t.fusion-content-boxes-1 .fusion-content-box-hover .heading-link:hover .icon i.circle-yes,\n\t\t\t\t\t\t.fusion-content-boxes-1 .fusion-content-box-hover .link-area-box:hover .heading-link .icon i.circle-yes,\n\t\t\t\t\t\t.fusion-content-boxes-1 .fusion-content-box-hover .link-area-link-icon-hover .heading .icon i.circle-yes,\n\t\t\t\t\t\t.fusion-content-boxes-1 .fusion-content-box-hover .link-area-box-hover .heading .icon i.circle-yes {\n\t\t\t\t\t\t\tbackground-color: #a06b9b !important;\n\t\t\t\t\t\t\tborder-color: #a06b9b !important;\n\t\t\t\t\t\t}<\/style><div class=\"fusion-clearfix\"><\/div><\/div><\/div><\/div><div class=\"fusion-clearfix\"><\/div>\n\n\t\t\t\t\t<\/div>\n\t\t\t\t<\/div><\/div><\/div><div class=\"fusion-fullwidth fullwidth-box nonhundred-percent-fullwidth non-hundred-percent-height-scrolling\"  style='background-color: rgba(255,250,211,0);background-position: center center;background-repeat: no-repeat;padding-top:0px;padding-right:0px;padding-bottom:0px;padding-left:0px;'><\/div><\/p>\n","protected":false},"excerpt":{"rendered":"","protected":false},"author":2,"featured_media":0,"parent":0,"menu_order":0,"comment_status":"closed","ping_status":"closed","template":"","meta":[],"_links":{"self":[{"href":"https:\/\/www.xundheitsakademie.at\/WP\/wp-json\/wp\/v2\/pages\/18161"}],"collection":[{"href":"https:\/\/www.xundheitsakademie.at\/WP\/wp-json\/wp\/v2\/pages"}],"about":[{"href":"https:\/\/www.xundheitsakademie.at\/WP\/wp-json\/wp\/v2\/types\/page"}],"author":[{"embeddable":true,"href":"https:\/\/www.xundheitsakademie.at\/WP\/wp-json\/wp\/v2\/users\/2"}],"replies":[{"embeddable":true,"href":"https:\/\/www.xundheitsakademie.at\/WP\/wp-json\/wp\/v2\/comments?post=18161"}],"version-history":[{"count":51,"href":"https:\/\/www.xundheitsakademie.at\/WP\/wp-json\/wp\/v2\/pages\/18161\/revisions"}],"predecessor-version":[{"id":20544,"href":"https:\/\/www.xundheitsakademie.at\/WP\/wp-json\/wp\/v2\/pages\/18161\/revisions\/20544"}],"wp:attachment":[{"href":"https:\/\/www.xundheitsakademie.at\/WP\/wp-json\/wp\/v2\/media?parent=18161"}],"curies":[{"name":"wp","href":"https:\/\/api.w.org\/{rel}","templated":true}]}}